{"id":3,"date":"2022-09-15T04:32:00","date_gmt":"2022-09-15T04:32:00","guid":{"rendered":"https:\/\/leadsoon.io\/?page_id=3"},"modified":"2024-04-25T12:09:50","modified_gmt":"2024-04-25T12:09:50","slug":"privacy-policy","status":"publish","type":"page","link":"https:\/\/leadsoon.io\/en\/privacy-policy\/","title":{"rendered":"Legal Notice"},"content":{"rendered":"<h2 class=\"wp-block-heading\">Identification<\/h2>\n\n\n\n<p><strong class=\"privacy-policy-tutorial\">Name: <\/strong>LeadSoon is a brand of Appsoon<\/p>\n\n\n\n<p><strong class=\"privacy-policy-tutorial\">Website: <\/strong>https:\/\/leadsoon.io <\/p>\n\n\n\n<p><strong>Address: <\/strong>\u00a0Via cadore 32 \u2013 20135 Milan \u2013 Italy<\/p>\n\n\n\n<p><strong class=\"privacy-policy-tutorial\">Copyright: <\/strong>@2024 by LeadSoon<\/p>\n\n\n\n<h2 class=\"wp-block-heading\">Responsibility<\/h2>\n\n\n\n<p><strong>LeadSoon<\/strong> strives to ensure the accuracy and updating of the information published on this site, the content of which it reserves the right to correct at any time and without notice. However, <strong>LeadSoon<\/strong> cannot guarantee the accuracy, precision or completeness of the information made available on this site.<\/p>\n\n\n\n<h2 class=\"wp-block-heading\">Intellectual property<\/h2>\n\n\n\n<p>The content of the site<strong> leadsoon.io<\/strong>, including, without limitation, the texts, graphics, logos, images, and their formatting are the exclusive property of <strong>LeadSoon<\/strong> and are protected by copyright, trademark law and\/or other intellectual property rights. Any reproduction, modification, publication, transmission or other use of these elements without the prior written consent of <strong>LeadSoon<\/strong> is prohibited.<\/p>\n\n\n\n<h2 class=\"wp-block-heading\">Personal data<\/h2>\n\n\n\n<p>In accordance with applicable laws, personal information collected on the site may be subject to computer processing by <strong>LeadSoon<\/strong>. Each user has a right of access, rectification, opposition, deletion and portability of data concerning them. day.<\/p>\n\n\n\n<h2 class=\"wp-block-heading\">Hyperlinks<\/h2>\n\n\n\n<p>Hypertext links present on the site <strong>leadsoon.io<\/strong> may link to other websites. <strong>LeadSoon<\/strong> disclaims all responsibility for the content and privacy policy of these sites.<\/p>\n\n\n\n<h2 class=\"wp-block-heading\">Modification of Legal Notices<\/h2>\n\n\n\n<p><strong>LeadSoon<\/strong> reserves the right to modify these notices at any time. The user is therefore invited to consult them regularly.<\/p>\n\n\n\n<h2 class=\"wp-block-heading\">Contact<\/h2>\n\n\n\n<p>For any questions relating to the site&#039;s legal notices, please contact us at\u00a0<a>contact@leadsoon.io<\/a>. leadsoon.io<\/p>","protected":false},"excerpt":{"rendered":"<p>Identification Nom: LeadSoon est une marque de Appsoon Site Internet: https:\/\/leadsoon.io Adresse: \u00a0Via cadore 32 &#8211; 20135 Milan &#8211; Italie Copyright: @ [&hellip;]<\/p>","protected":false},"author":1,"featured_media":0,"parent":0,"menu_order":0,"comment_status":"closed","ping_status":"closed","template":"","meta":{"om_disable_all_campaigns":false,"_monsterinsights_skip_tracking":false,"_monsterinsights_sitenote_active":false,"_monsterinsights_sitenote_note":"","_monsterinsights_sitenote_category":0,"footnotes":""},"class_list":["post-3","page","type-page","status-publish","hentry"],"yoast_head":"<!-- This site is optimized with the Yoast SEO plugin v22.6 - https:\/\/yoast.com\/wordpress\/plugins\/seo\/ -->\n<title>Mentions L\u00e9gales - LeadSoon : G\u00e9n\u00e9re vos leads<\/title>\n<meta name=\"robots\" content=\"index, follow, max-snippet:-1, max-image-preview:large, max-video-preview:-1\" \/>\n<link rel=\"canonical\" href=\"https:\/\/leadsoon.io\/en\/privacy-policy\/\" \/>\n<meta property=\"og:locale\" content=\"en_US\" \/>\n<meta property=\"og:type\" content=\"article\" \/>\n<meta property=\"og:title\" content=\"Mentions L\u00e9gales - LeadSoon : G\u00e9n\u00e9re vos leads\" \/>\n<meta property=\"og:description\" content=\"Identification Nom: LeadSoon est une marque de Appsoon Site Internet: https:\/\/leadsoon.io Adresse: \u00a0Via cadore 32 &#8211; 20135 Milan &#8211; Italie Copyright: @ [&hellip;]\" \/>\n<meta property=\"og:url\" content=\"https:\/\/leadsoon.io\/en\/privacy-policy\/\" \/>\n<meta property=\"og:site_name\" content=\"LeadSoon : G\u00e9n\u00e9re vos leads\" \/>\n<meta property=\"article:modified_time\" content=\"2024-04-25T12:09:50+00:00\" \/>\n<meta name=\"twitter:card\" content=\"summary_large_image\" \/>\n<meta name=\"twitter:label1\" content=\"Est. reading time\" \/>\n\t<meta name=\"twitter:data1\" content=\"1 minute\" \/>\n<script type=\"application\/ld+json\" class=\"yoast-schema-graph\">{\"@context\":\"https:\/\/schema.org\",\"@graph\":[{\"@type\":\"WebPage\",\"@id\":\"https:\/\/leadsoon.io\/privacy-policy\/\",\"url\":\"https:\/\/leadsoon.io\/privacy-policy\/\",\"name\":\"Mentions L\u00e9gales - LeadSoon : G\u00e9n\u00e9re vos leads\",\"isPartOf\":{\"@id\":\"https:\/\/leadsoon.io\/#website\"},\"datePublished\":\"2022-09-15T04:32:00+00:00\",\"dateModified\":\"2024-04-25T12:09:50+00:00\",\"breadcrumb\":{\"@id\":\"https:\/\/leadsoon.io\/privacy-policy\/#breadcrumb\"},\"inLanguage\":\"en-US\",\"potentialAction\":[{\"@type\":\"ReadAction\",\"target\":[\"https:\/\/leadsoon.io\/privacy-policy\/\"]}]},{\"@type\":\"BreadcrumbList\",\"@id\":\"https:\/\/leadsoon.io\/privacy-policy\/#breadcrumb\",\"itemListElement\":[{\"@type\":\"ListItem\",\"position\":1,\"name\":\"Home\",\"item\":\"https:\/\/leadsoon.io\/\"},{\"@type\":\"ListItem\",\"position\":2,\"name\":\"Mentions L\u00e9gales\"}]},{\"@type\":\"WebSite\",\"@id\":\"https:\/\/leadsoon.io\/#website\",\"url\":\"https:\/\/leadsoon.io\/\",\"name\":\"LeadSoon\",\"description\":\"avec l&#039;IA\",\"publisher\":{\"@id\":\"https:\/\/leadsoon.io\/#organization\"},\"potentialAction\":[{\"@type\":\"SearchAction\",\"target\":{\"@type\":\"EntryPoint\",\"urlTemplate\":\"https:\/\/leadsoon.io\/?s={search_term_string}\"},\"query-input\":\"required name=search_term_string\"}],\"inLanguage\":\"en-US\"},{\"@type\":\"Organization\",\"@id\":\"https:\/\/leadsoon.io\/#organization\",\"name\":\"LeadSoon\",\"url\":\"https:\/\/leadsoon.io\/\",\"logo\":{\"@type\":\"ImageObject\",\"inLanguage\":\"en-US\",\"@id\":\"https:\/\/leadsoon.io\/#\/schema\/logo\/image\/\",\"url\":\"https:\/\/leadsoon.io\/wp-content\/uploads\/2024\/05\/LogoLeadSoon.png\",\"contentUrl\":\"https:\/\/leadsoon.io\/wp-content\/uploads\/2024\/05\/LogoLeadSoon.png\",\"width\":230,\"height\":43,\"caption\":\"LeadSoon\"},\"image\":{\"@id\":\"https:\/\/leadsoon.io\/#\/schema\/logo\/image\/\"}}]}<\/script>\n<!-- \/ Yoast SEO plugin. -->","yoast_head_json":{"title":"Mentions L\u00e9gales - LeadSoon : G\u00e9n\u00e9re vos leads","robots":{"index":"index","follow":"follow","max-snippet":"max-snippet:-1","max-image-preview":"max-image-preview:large","max-video-preview":"max-video-preview:-1"},"canonical":"https:\/\/leadsoon.io\/en\/privacy-policy\/","og_locale":"en_US","og_type":"article","og_title":"Mentions L\u00e9gales - LeadSoon : G\u00e9n\u00e9re vos leads","og_description":"Identification Nom: LeadSoon est une marque de Appsoon Site Internet: https:\/\/leadsoon.io Adresse: \u00a0Via cadore 32 &#8211; 20135 Milan &#8211; Italie Copyright: @ [&hellip;]","og_url":"https:\/\/leadsoon.io\/en\/privacy-policy\/","og_site_name":"LeadSoon : G\u00e9n\u00e9re vos leads","article_modified_time":"2024-04-25T12:09:50+00:00","twitter_card":"summary_large_image","twitter_misc":{"Est. reading time":"1 minute"},"schema":{"@context":"https:\/\/schema.org","@graph":[{"@type":"WebPage","@id":"https:\/\/leadsoon.io\/privacy-policy\/","url":"https:\/\/leadsoon.io\/privacy-policy\/","name":"Mentions L\u00e9gales - LeadSoon : G\u00e9n\u00e9re vos leads","isPartOf":{"@id":"https:\/\/leadsoon.io\/#website"},"datePublished":"2022-09-15T04:32:00+00:00","dateModified":"2024-04-25T12:09:50+00:00","breadcrumb":{"@id":"https:\/\/leadsoon.io\/privacy-policy\/#breadcrumb"},"inLanguage":"en-US","potentialAction":[{"@type":"ReadAction","target":["https:\/\/leadsoon.io\/privacy-policy\/"]}]},{"@type":"BreadcrumbList","@id":"https:\/\/leadsoon.io\/privacy-policy\/#breadcrumb","itemListElement":[{"@type":"ListItem","position":1,"name":"Home","item":"https:\/\/leadsoon.io\/"},{"@type":"ListItem","position":2,"name":"Mentions L\u00e9gales"}]},{"@type":"WebSite","@id":"https:\/\/leadsoon.io\/#website","url":"https:\/\/leadsoon.io\/","name":"LeadSoon","description":"avec l&#039;IA","publisher":{"@id":"https:\/\/leadsoon.io\/#organization"},"potentialAction":[{"@type":"SearchAction","target":{"@type":"EntryPoint","urlTemplate":"https:\/\/leadsoon.io\/?s={search_term_string}"},"query-input":"required name=search_term_string"}],"inLanguage":"en-US"},{"@type":"Organization","@id":"https:\/\/leadsoon.io\/#organization","name":"LeadSoon","url":"https:\/\/leadsoon.io\/","logo":{"@type":"ImageObject","inLanguage":"en-US","@id":"https:\/\/leadsoon.io\/#\/schema\/logo\/image\/","url":"https:\/\/leadsoon.io\/wp-content\/uploads\/2024\/05\/LogoLeadSoon.png","contentUrl":"https:\/\/leadsoon.io\/wp-content\/uploads\/2024\/05\/LogoLeadSoon.png","width":230,"height":43,"caption":"LeadSoon"},"image":{"@id":"https:\/\/leadsoon.io\/#\/schema\/logo\/image\/"}}]}},"jetpack_sharing_enabled":true,"_links":{"self":[{"href":"https:\/\/leadsoon.io\/en\/wp-json\/wp\/v2\/pages\/3","targetHints":{"allow":["GET"]}}],"collection":[{"href":"https:\/\/leadsoon.io\/en\/wp-json\/wp\/v2\/pages"}],"about":[{"href":"https:\/\/leadsoon.io\/en\/wp-json\/wp\/v2\/types\/page"}],"author":[{"embeddable":true,"href":"https:\/\/leadsoon.io\/en\/wp-json\/wp\/v2\/users\/1"}],"replies":[{"embeddable":true,"href":"https:\/\/leadsoon.io\/en\/wp-json\/wp\/v2\/comments?post=3"}],"version-history":[{"count":3,"href":"https:\/\/leadsoon.io\/en\/wp-json\/wp\/v2\/pages\/3\/revisions"}],"predecessor-version":[{"id":13568,"href":"https:\/\/leadsoon.io\/en\/wp-json\/wp\/v2\/pages\/3\/revisions\/13568"}],"wp:attachment":[{"href":"https:\/\/leadsoon.io\/en\/wp-json\/wp\/v2\/media?parent=3"}],"curies":[{"name":"wp","href":"https:\/\/api.w.org\/{rel}","templated":true}]}}